{"id":1284,"date":"2023-03-24T07:50:13","date_gmt":"2023-03-24T06:50:13","guid":{"rendered":"http:\/\/ceres-sport.fr\/?page_id=1284"},"modified":"2023-03-25T08:44:12","modified_gmt":"2023-03-25T07:44:12","slug":"barometre-fitness","status":"publish","type":"page","link":"https:\/\/ceres-sport.fr\/index.php\/barometre-fitness\/","title":{"rendered":"Barom\u00e8tre du fitness"},"content":{"rendered":"\n<p>Retrouvez ci-dessous les chiffres clefs qui r\u00e9v\u00e8lent les dynamiques et tendances du secteur du fitness. Les rapports complets sont distribu\u00e9s aux membres de <a rel=\"noreferrer noopener\" href=\"https:\/\/www.active-fneapl.fr\" target=\"_blank\">Active fneapl<\/a><\/p>\n\n\n\n<div class=\"tableauPlaceholder\" id=\"viz1679687951074\" style=\"position: relative\"><noscript><a href=\"#\"><img decoding=\"async\" alt=\"Tableau de bord \" src=\"https:\/\/public.tableau.com\/static\/images\/Ac\/Active_16796879298130\/Tableaudebord\/1_rss.png\" style=\"border: none\"><\/a><\/noscript><object class=\"tableauViz\" style=\"display:none;\"><param name=\"host_url\" value=\"https%3A%2F%2Fpublic.tableau.com%2F\"> <param name=\"embed_code_version\" value=\"3\"> <param name=\"site_root\" value=\"\"><param name=\"name\" value=\"Active_16796879298130\/Tableaudebord\"><param name=\"tabs\" value=\"no\"><param name=\"toolbar\" value=\"yes\"><param name=\"static_image\" value=\"https:\/\/public.tableau.com\/static\/images\/Ac\/Active_16796879298130\/Tableaudebord\/1.png\"> <param name=\"animate_transition\" value=\"yes\"><param name=\"display_static_image\" value=\"yes\"><param name=\"display_spinner\" value=\"yes\"><param name=\"display_overlay\" value=\"yes\"><param name=\"display_count\" value=\"yes\"><param name=\"language\" value=\"fr-FR\"><param name=\"filter\" value=\"publish=yes\"><\/object><\/div>                <script type=\"text\/javascript\">                    var divElement = document.getElementById('viz1679687951074');                    var vizElement = divElement.getElementsByTagName('object')[0];                    if ( divElement.offsetWidth > 800 ) { vizElement.style.width='1000px';vizElement.style.height='827px';} else if ( divElement.offsetWidth > 500 ) { vizElement.style.width='1000px';vizElement.style.height='827px';} else { vizElement.style.width='100%';vizElement.style.height='2677px';}                     var scriptElement = document.createElement('script');                    scriptElement.src = 'https:\/\/public.tableau.com\/javascripts\/api\/viz_v1.js';                    vizElement.parentNode.insertBefore(scriptElement, vizElement);                <\/script>\n","protected":false},"excerpt":{"rendered":"<p>Retrouvez ci-dessous les chiffres clefs qui r\u00e9v\u00e8lent les dynamiques et tendances du secteur du fitness. Les rapports complets sont distribu\u00e9s aux membres de Active fneapl<\/p>\n","protected":false},"author":1,"featured_media":0,"parent":0,"menu_order":0,"comment_status":"closed","ping_status":"closed","template":"template-fullwidth.php","meta":{"footnotes":""},"class_list":["post-1284","page","type-page","status-publish","hentry"],"_links":{"self":[{"href":"https:\/\/ceres-sport.fr\/index.php\/wp-json\/wp\/v2\/pages\/1284","targetHints":{"allow":["GET"]}}],"collection":[{"href":"https:\/\/ceres-sport.fr\/index.php\/wp-json\/wp\/v2\/pages"}],"about":[{"href":"https:\/\/ceres-sport.fr\/index.php\/wp-json\/wp\/v2\/types\/page"}],"author":[{"embeddable":true,"href":"https:\/\/ceres-sport.fr\/index.php\/wp-json\/wp\/v2\/users\/1"}],"replies":[{"embeddable":true,"href":"https:\/\/ceres-sport.fr\/index.php\/wp-json\/wp\/v2\/comments?post=1284"}],"version-history":[{"count":5,"href":"https:\/\/ceres-sport.fr\/index.php\/wp-json\/wp\/v2\/pages\/1284\/revisions"}],"predecessor-version":[{"id":1290,"href":"https:\/\/ceres-sport.fr\/index.php\/wp-json\/wp\/v2\/pages\/1284\/revisions\/1290"}],"wp:attachment":[{"href":"https:\/\/ceres-sport.fr\/index.php\/wp-json\/wp\/v2\/media?parent=1284"}],"curies":[{"name":"wp","href":"https:\/\/api.w.org\/{rel}","templated":true}]}}