{"id":1441,"date":"2024-01-04T18:39:40","date_gmt":"2024-01-04T17:39:40","guid":{"rendered":"http:\/\/ceres-sport.fr\/?page_id=1441"},"modified":"2024-01-19T10:48:12","modified_gmt":"2024-01-19T09:48:12","slug":"informations-enquete-ffbb","status":"publish","type":"page","link":"https:\/\/ceres-sport.fr\/index.php\/informations-enquete-ffbb\/","title":{"rendered":"INFORMATIONS A PROPOS DE L&rsquo;ENQUETE SUR  LES TECHNICIENS DE LA FFBB"},"content":{"rendered":"\n<p>Cette enqu\u00eate s\u2019inscrit dans un double objectif : 1. il s\u2019agit d\u2019apporter des informations \u00e0 la FFBB sur la situation professionnelle des techniciens qui travaillent dans les clubs ; 2. elle permet de r\u00e9pondre \u00e0 une obligation l\u00e9gale de suivi des form\u00e9s, exig\u00e9e par France Comp\u00e9tences, Instance de pilotage et de r\u00e9gulation de la formation professionnelle. Cette obligation de suivi permet de v\u00e9rifier l\u2019insertion professionnelle des titulaires d\u2019un dipl\u00f4me ou titre \u00e0 finalit\u00e9 professionnelle ou d\u2019un certificat de qualification professionnelle figurant dans le r\u00e9pertoire national des certifications professionnelles.&nbsp;<\/p>\n\n\n\n<p>Toutes les informations recueillies font l\u2019objet d\u2019une exploitation strictement d\u00e9di\u00e9e aux deux objectifs sus-mentionn\u00e9s et sont prot\u00e9g\u00e9es dans une plateforme s\u00e9curis\u00e9e.&nbsp;<\/p>\n\n\n\n<p>L\u2019exploitation des r\u00e9ponses est anonyme, sous r\u00e9serve de votre choix de communiquer votre adresser email afin d\u2019\u00eatre contact\u00e9.<\/p>\n\n\n\n<p>France Comp\u00e9tences ne conserve les donn\u00e9es \u00e0 caract\u00e8re personnel que sur une dur\u00e9e d\u2019un an. Au-del\u00e0 de cette p\u00e9riode, France Comp\u00e9tences proc\u00e8de \u00e0 l\u2019anonymisation ou \u00e0 la destruction des donn\u00e9es.&nbsp;La FFBB, quant \u00e0 elle conservera les donn\u00e9es pour la dur\u00e9e du traitement de l\u2019enqu\u00eate.<\/p>\n\n\n\n<p>Vous disposez d\u2019un droit d\u2019acc\u00e8s et de rectification aux informations vous concernant. Vous pouvez vous opposer \u00e0 tout moment au traitement des donn\u00e9es sauf motif l\u00e9gitime du responsable du traitement, en vous adressant \u00e0&nbsp;<a href=\"mailto:mesdonneesFFBB@ffbb.com\">mesdonneesFFBB@ffbb.com<\/a>&nbsp;ou en remplissant le formulaire suivant&nbsp;:&nbsp;https:\/\/www.ffbb.com\/ffbb\/droits\/demande<\/p>\n\n\n\n<p>Par ailleurs pour plus d\u2019informations sur la politique de protection des donn\u00e9es personnelles de la FFBB, vous pouvez consulter la page suivante&nbsp;:&nbsp;<a href=\"https:\/\/www.ffbb.com\/ffbb\/politique-de-protection-des-donnees-personnelles\">https:\/\/www.ffbb.com\/ffbb\/politique-de-protection-des-donnees-personnelles<\/a><\/p>\n\n\n\n<p>Pour plus d\u2019information sur la gestion des donn\u00e9es des certifi\u00e9s, vous pouvez consulter le site de France Comp\u00e9tences :&nbsp;<a href=\"https:\/\/www.francecompetences.fr\/gestion-des-donnees-personnelles\">https:\/\/www.francecompetences.fr\/gestion-des-donnees-personnelles<\/a>,<\/p>\n\n\n\n<p><br>En cas de difficult\u00e9 en lien avec la gestion de vos donn\u00e9es personnelles, vous pouvez contacter la Cnil&nbsp;<a href=\"http:\/\/www.cnil.fr\/\">www.cnil.fr<\/a>.&nbsp;<\/p>\n\n\n\n<p><a href=\"https:\/\/form.ceres-sport.fr\/ffbbtechnicie_272ct\/techniciens.html\">Retour \u00e0 l\u2019enqu\u00eate<\/a><\/p>\n","protected":false},"excerpt":{"rendered":"<p>Cette enqu\u00eate s\u2019inscrit dans un double objectif : 1. il s\u2019agit d\u2019apporter des informations \u00e0 la FFBB sur la situation professionnelle des techniciens qui travaillent dans les clubs ; 2. &#8230;<\/p>\n","protected":false},"author":1,"featured_media":0,"parent":0,"menu_order":0,"comment_status":"closed","ping_status":"closed","template":"template-fullwidth.php","meta":{"footnotes":""},"class_list":["post-1441","page","type-page","status-publish","hentry"],"_links":{"self":[{"href":"https:\/\/ceres-sport.fr\/index.php\/wp-json\/wp\/v2\/pages\/1441","targetHints":{"allow":["GET"]}}],"collection":[{"href":"https:\/\/ceres-sport.fr\/index.php\/wp-json\/wp\/v2\/pages"}],"about":[{"href":"https:\/\/ceres-sport.fr\/index.php\/wp-json\/wp\/v2\/types\/page"}],"author":[{"embeddable":true,"href":"https:\/\/ceres-sport.fr\/index.php\/wp-json\/wp\/v2\/users\/1"}],"replies":[{"embeddable":true,"href":"https:\/\/ceres-sport.fr\/index.php\/wp-json\/wp\/v2\/comments?post=1441"}],"version-history":[{"count":2,"href":"https:\/\/ceres-sport.fr\/index.php\/wp-json\/wp\/v2\/pages\/1441\/revisions"}],"predecessor-version":[{"id":1545,"href":"https:\/\/ceres-sport.fr\/index.php\/wp-json\/wp\/v2\/pages\/1441\/revisions\/1545"}],"wp:attachment":[{"href":"https:\/\/ceres-sport.fr\/index.php\/wp-json\/wp\/v2\/media?parent=1441"}],"curies":[{"name":"wp","href":"https:\/\/api.w.org\/{rel}","templated":true}]}}