{"id":1446,"date":"2024-01-10T10:13:55","date_gmt":"2024-01-10T09:13:55","guid":{"rendered":"https:\/\/ceres-sport.fr\/?page_id=1446"},"modified":"2024-01-10T10:13:56","modified_gmt":"2024-01-10T09:13:56","slug":"clubs_echecs","status":"publish","type":"page","link":"https:\/\/ceres-sport.fr\/index.php\/clubs_echecs\/","title":{"rendered":"Information sur l&rsquo;enqu\u00eate sur les encadrants des clubs de la F\u00e9d\u00e9ration Fran\u00e7aise des Echecs"},"content":{"rendered":"\n<p>Toutes les informations recueillies font l\u2019objet d\u2019une exploitation strictement d\u00e9di\u00e9e \u00e0 l\u2019\u00e9tude des encadrants de la F\u00e9d\u00e9ration Fran\u00e7aise des Echecs et sont prot\u00e9g\u00e9es dans une plateforme s\u00e9curis\u00e9e.&nbsp;<br>Il vous est demand\u00e9 notamment, de communiquer votre identit\u00e9 ainsi que le num\u00e9ro de votre dipl\u00f4me en toute fin du questionnaire. Ces \u00e9l\u00e9ments ne sont utilis\u00e9s que pour le traitement administratif de l\u2019enqu\u00eate.&nbsp;L\u2019exploitation de vos r\u00e9ponses reste anonyme.&nbsp;<\/p>\n\n\n\n<p>Vous disposez d\u2019un droit d\u2019acc\u00e8s et de rectification aux informations vous concernant. Vous pouvez vous opposer \u00e0 tout moment au traitement des donn\u00e9es sauf motif l\u00e9gitime du responsable du traitement, en vous adressant \u00e0 la F\u00e9d\u00e9ration Fran\u00e7aise des Echecs.<br>En cas de difficult\u00e9 en lien avec la gestion de vos donn\u00e9es personnelles, vous pouvez contacter la Cnil&nbsp;<a href=\"http:\/\/www.cnil.fr\/\">www.cnil.fr<\/a>.&nbsp;<\/p>\n\n\n\n<p><a href=\"https:\/\/form.ceres-sport.fr\/dejepsffme\/DEJEPS.html\">Retour \u00e0 l\u2019enqu\u00eate<\/a><\/p>\n","protected":false},"excerpt":{"rendered":"<p>Toutes les informations recueillies font l\u2019objet d\u2019une exploitation strictement d\u00e9di\u00e9e \u00e0 l\u2019\u00e9tude des encadrants de la F\u00e9d\u00e9ration Fran\u00e7aise des Echecs et sont prot\u00e9g\u00e9es dans une plateforme s\u00e9curis\u00e9e.&nbsp;Il vous est demand\u00e9 &#8230;<\/p>\n","protected":false},"author":1,"featured_media":0,"parent":0,"menu_order":0,"comment_status":"closed","ping_status":"closed","template":"","meta":{"footnotes":""},"class_list":["post-1446","page","type-page","status-publish","hentry"],"_links":{"self":[{"href":"https:\/\/ceres-sport.fr\/index.php\/wp-json\/wp\/v2\/pages\/1446","targetHints":{"allow":["GET"]}}],"collection":[{"href":"https:\/\/ceres-sport.fr\/index.php\/wp-json\/wp\/v2\/pages"}],"about":[{"href":"https:\/\/ceres-sport.fr\/index.php\/wp-json\/wp\/v2\/types\/page"}],"author":[{"embeddable":true,"href":"https:\/\/ceres-sport.fr\/index.php\/wp-json\/wp\/v2\/users\/1"}],"replies":[{"embeddable":true,"href":"https:\/\/ceres-sport.fr\/index.php\/wp-json\/wp\/v2\/comments?post=1446"}],"version-history":[{"count":3,"href":"https:\/\/ceres-sport.fr\/index.php\/wp-json\/wp\/v2\/pages\/1446\/revisions"}],"predecessor-version":[{"id":1449,"href":"https:\/\/ceres-sport.fr\/index.php\/wp-json\/wp\/v2\/pages\/1446\/revisions\/1449"}],"wp:attachment":[{"href":"https:\/\/ceres-sport.fr\/index.php\/wp-json\/wp\/v2\/media?parent=1446"}],"curies":[{"name":"wp","href":"https:\/\/api.w.org\/{rel}","templated":true}]}}