{"id":1451,"date":"2024-01-10T10:47:39","date_gmt":"2024-01-10T09:47:39","guid":{"rendered":"https:\/\/ceres-sport.fr\/?page_id=1451"},"modified":"2024-01-19T10:49:41","modified_gmt":"2024-01-19T09:49:41","slug":"clubs_ffbb","status":"publish","type":"page","link":"https:\/\/ceres-sport.fr\/index.php\/clubs_ffbb\/","title":{"rendered":"Informations sur l&rsquo;enqu\u00eate \u00e0 propos des techniciens des clubs de la F\u00e9d\u00e9ration Fran\u00e7aise de Basketball"},"content":{"rendered":"\n<p>Cette enqu\u00eate vise \u00e0 apporter des informations \u00e0 la FFBB sur la situation professionnelle des techniciens qui travaillent dans les clubs affili\u00e9s.<\/p>\n\n\n\n<p>Toutes les informations recueillies font l\u2019objet d\u2019une exploitation strictement d\u00e9di\u00e9e \u00e0 l\u2019objectif sus-mentionn\u00e9 et sont prot\u00e9g\u00e9es dans une plateforme s\u00e9curis\u00e9e.&nbsp;<\/p>\n\n\n\n<p>Il vous est demand\u00e9 notamment, de communiquer des informations relatives \u00e0 votre structure. Ces \u00e9l\u00e9ments ne sont utilis\u00e9s que pour le traitement administratif de l\u2019enqu\u00eate.&nbsp;L\u2019exploitation de vos r\u00e9ponses reste anonyme,&nbsp;sous r\u00e9serve de votre choix de communiquer votre adresser email afin d\u2019\u00eatre contact\u00e9, en fin de questionnaire&nbsp;<\/p>\n\n\n\n<p>Vous disposez d\u2019un droit d\u2019acc\u00e8s et de rectification aux informations vous concernant. Vous pouvez vous opposer \u00e0 tout moment au traitement des donn\u00e9es sauf motif l\u00e9gitime du responsable du traitement, en vous adressant \u00e0&nbsp;<a href=\"mailto:mesdonneesFFBB@ffbb.com\">mesdonneesFFBB@ffbb.com<\/a>&nbsp;ou en remplissant le formulaire suivant&nbsp;:&nbsp;https:\/\/www.ffbb.com\/ffbb\/droits\/demande<\/p>\n\n\n\n<p>Par ailleurs pour plus d\u2019informations sur la politique de protection des donn\u00e9es personnelles de la FFBB, vous pouvez consulter la page suivante&nbsp;:&nbsp;<a href=\"https:\/\/www.ffbb.com\/ffbb\/politique-de-protection-des-donnees-personnelles\">https:\/\/www.ffbb.com\/ffbb\/politique-de-protection-des-donnees-personnelles<\/a><\/p>\n\n\n\n<p>En cas de difficult\u00e9 en lien avec la gestion de vos donn\u00e9es personnelles, vous pouvez contacter la Cnil&nbsp;<a href=\"http:\/\/www.cnil.fr\/\">www.cnil.fr<\/a>.&nbsp;<\/p>\n\n\n\n<p><a href=\"https:\/\/form.ceres-sport.fr\/ffbbclubsvo_277ng\/clubs.html\">Retour au questionnaire<\/a><\/p>\n","protected":false},"excerpt":{"rendered":"<p>Cette enqu\u00eate vise \u00e0 apporter des informations \u00e0 la FFBB sur la situation professionnelle des techniciens qui travaillent dans les clubs affili\u00e9s. Toutes les informations recueillies font l\u2019objet d\u2019une exploitation &#8230;<\/p>\n","protected":false},"author":1,"featured_media":0,"parent":0,"menu_order":0,"comment_status":"closed","ping_status":"closed","template":"template-fullwidth.php","meta":{"footnotes":""},"class_list":["post-1451","page","type-page","status-publish","hentry"],"_links":{"self":[{"href":"https:\/\/ceres-sport.fr\/index.php\/wp-json\/wp\/v2\/pages\/1451","targetHints":{"allow":["GET"]}}],"collection":[{"href":"https:\/\/ceres-sport.fr\/index.php\/wp-json\/wp\/v2\/pages"}],"about":[{"href":"https:\/\/ceres-sport.fr\/index.php\/wp-json\/wp\/v2\/types\/page"}],"author":[{"embeddable":true,"href":"https:\/\/ceres-sport.fr\/index.php\/wp-json\/wp\/v2\/users\/1"}],"replies":[{"embeddable":true,"href":"https:\/\/ceres-sport.fr\/index.php\/wp-json\/wp\/v2\/comments?post=1451"}],"version-history":[{"count":7,"href":"https:\/\/ceres-sport.fr\/index.php\/wp-json\/wp\/v2\/pages\/1451\/revisions"}],"predecessor-version":[{"id":1546,"href":"https:\/\/ceres-sport.fr\/index.php\/wp-json\/wp\/v2\/pages\/1451\/revisions\/1546"}],"wp:attachment":[{"href":"https:\/\/ceres-sport.fr\/index.php\/wp-json\/wp\/v2\/media?parent=1451"}],"curies":[{"name":"wp","href":"https:\/\/api.w.org\/{rel}","templated":true}]}}