{"id":1554,"date":"2024-03-23T08:21:17","date_gmt":"2024-03-23T07:21:17","guid":{"rendered":"https:\/\/ceres-sport.fr\/?page_id=1554"},"modified":"2025-11-04T07:57:23","modified_gmt":"2025-11-04T06:57:23","slug":"info_enquete_ffspt","status":"publish","type":"page","link":"https:\/\/ceres-sport.fr\/index.php\/info_enquete_ffspt\/","title":{"rendered":"Information sur l&rsquo;enqu\u00eate aupr\u00e8s des comit\u00e9s de la F\u00e9d\u00e9ration Fran\u00e7aise Sports pour tous\u00a0"},"content":{"rendered":"\n<p class=\"has-black-color has-text-color has-link-color wp-elements-07a70053afe192ac9563c550a36d952b\">La F\u00e9d\u00e9ration Fran\u00e7aise Sports pour Tous initie une enqu\u00eate aupr\u00e8s des comit\u00e9s pour mieux comprendre les besoins li\u00e9s \u00e0 l&rsquo;organisation territoriale. Toutes les informations recueillies font l\u2019objet d\u2019une exploitation strictement d\u00e9di\u00e9e aux objectifs sus-mentionn\u00e9s et sont prot\u00e9g\u00e9es dans une plateforme s\u00e9curis\u00e9e.\u00a0<\/p>\n\n\n\n<p class=\"has-black-color has-text-color has-link-color wp-elements-1b50740184e8ea7e9a2fa9f98d5cfd71\"><strong><em>Les donn\u00e9es \u00e0 caract\u00e8re personnel&nbsp;<\/em><\/strong><\/p>\n\n\n\n<p class=\"has-black-color has-text-color has-link-color wp-elements-1ca7bd87887fe84c1214694af18bae77\">L\u2019expression de \u00ab donn\u00e9es \u00e0 caract\u00e8re personnel \u00bb s\u2019entend des informations qui permettent de vous identifier directement ou indirectement&nbsp;: votre adresse \u00e9lectronique, votre pr\u00e9nom, votre nom. Ces \u00e9l\u00e9ments ne seront recueillis que si vous y avez pr\u00e9alablement consenti.<\/p>\n\n\n\n<p class=\"has-black-color has-text-color has-link-color wp-elements-69a1a704c80de720128553ba26fde7ce\"><strong><em>Les donn\u00e9es \u00e0 caract\u00e8re non personnel&nbsp;<\/em><\/strong><\/p>\n\n\n\n<p class=\"has-black-color has-text-color has-link-color wp-elements-e458be9fc97e1b8dcffb9410973f2e21\">Les donn\u00e9es \u00e0 caract\u00e8re non personnel sont celles qui ne permettent pas de vous identifier personnellement.<\/p>\n\n\n\n<p class=\"has-black-color has-text-color has-link-color wp-elements-50fc88c11024e081238378a0590fba4c\">Ces donn\u00e9es \u00e0 caract\u00e8re non personnel concernent des informations g\u00e9n\u00e9rales, agr\u00e9g\u00e9es, d\u00e9mographiques et non personnelles qui peuvent \u00eatre collect\u00e9es par la F\u00e9d\u00e9ration Fran\u00e7aise Sports pour Tous.<\/p>\n\n\n\n<p class=\"has-black-color has-text-color has-link-color wp-elements-177420649180cee2b3e389ef502a0158\">Conform\u00e9ment \u00e0 la loi \u00ab informatique et libert\u00e9s \u00bb du 6 janvier 1978 modifi\u00e9e et au R\u00e8glement europ\u00e9en n\u00b02016\/679\/UE du 27 avril 2016 (applicable d\u00e8s le 25 mai 2018), vous b\u00e9n\u00e9ficiez d\u2019un droit d\u2019acc\u00e8s, de rectification, de portabilit\u00e9 et d\u2019effacement de vos donn\u00e9es ou encore de limitation du traitement. Vous pouvez \u00e9galement, pour des motifs l\u00e9gitimes, vous opposer au traitement des donn\u00e9es vous concernant.<\/p>\n\n\n\n<p class=\"has-black-color has-text-color has-link-color wp-elements-90c9cad822ca1a18230272bd37a709f2\">Vous pouvez, sous r\u00e9serve de la production d\u2019un justificatif d\u2019identit\u00e9 valide, exercer vos droits en contactant le Service Communication de la F\u00e9d\u00e9ration Fran\u00e7aise Sports pour Tous.<\/p>\n\n\n\n<p class=\"has-black-color has-text-color has-link-color wp-elements-c980257155b22fbb7a9b606368b3d8ab\">Pour toute information compl\u00e9mentaire ou r\u00e9clamation, vous pouvez contacter la Commission Nationale de l\u2019Informatique et des Libert\u00e9s. Plus d\u2019informations sur<a href=\"http:\/\/www.cnil.fr\"> www.cnil.fr<\/a>.<\/p>\n\n\n\n<p class=\"has-black-color has-text-color has-link-color wp-elements-a910f067e26b3b2250dcdcaf8690126a\"><mark style=\"background-color:rgba(0, 0, 0, 0)\" class=\"has-inline-color has-vivid-cyan-blue-color\"><span style=\"text-decoration: underline;\"><a href=\"https:\/\/form.ceres-sport.fr\/fsptcomitesvo_428gb\/FSPTComites.html\">Retour \u00e0 l\u2019enqu\u00eate<\/a><\/span><\/mark><\/p>\n\n\n\n<p><\/p>\n","protected":false},"excerpt":{"rendered":"<p>La F\u00e9d\u00e9ration Fran\u00e7aise Sports pour Tous initie une enqu\u00eate aupr\u00e8s des comit\u00e9s pour mieux comprendre les besoins li\u00e9s \u00e0 l&rsquo;organisation territoriale. Toutes les informations recueillies font l\u2019objet d\u2019une exploitation strictement &#8230;<\/p>\n","protected":false},"author":1,"featured_media":0,"parent":0,"menu_order":0,"comment_status":"closed","ping_status":"closed","template":"template-fullwidth.php","meta":{"footnotes":""},"class_list":["post-1554","page","type-page","status-publish","hentry"],"_links":{"self":[{"href":"https:\/\/ceres-sport.fr\/index.php\/wp-json\/wp\/v2\/pages\/1554","targetHints":{"allow":["GET"]}}],"collection":[{"href":"https:\/\/ceres-sport.fr\/index.php\/wp-json\/wp\/v2\/pages"}],"about":[{"href":"https:\/\/ceres-sport.fr\/index.php\/wp-json\/wp\/v2\/types\/page"}],"author":[{"embeddable":true,"href":"https:\/\/ceres-sport.fr\/index.php\/wp-json\/wp\/v2\/users\/1"}],"replies":[{"embeddable":true,"href":"https:\/\/ceres-sport.fr\/index.php\/wp-json\/wp\/v2\/comments?post=1554"}],"version-history":[{"count":14,"href":"https:\/\/ceres-sport.fr\/index.php\/wp-json\/wp\/v2\/pages\/1554\/revisions"}],"predecessor-version":[{"id":1739,"href":"https:\/\/ceres-sport.fr\/index.php\/wp-json\/wp\/v2\/pages\/1554\/revisions\/1739"}],"wp:attachment":[{"href":"https:\/\/ceres-sport.fr\/index.php\/wp-json\/wp\/v2\/media?parent=1554"}],"curies":[{"name":"wp","href":"https:\/\/api.w.org\/{rel}","templated":true}]}}