{"id":1588,"date":"2024-06-29T17:58:24","date_gmt":"2024-06-29T15:58:24","guid":{"rendered":"https:\/\/ceres-sport.fr\/?page_id=1588"},"modified":"2024-11-24T10:01:10","modified_gmt":"2024-11-24T09:01:10","slug":"tableau-de-bord-ff-sport-pour-tous","status":"publish","type":"page","link":"https:\/\/ceres-sport.fr\/index.php\/tableau-de-bord-ff-sport-pour-tous\/","title":{"rendered":"Tableau de bord                                 F\u00e9d\u00e9ration Fran\u00e7aise Sports pour Tous"},"content":{"rendered":"","protected":true},"excerpt":{"rendered":"","protected":true},"author":1,"featured_media":0,"parent":0,"menu_order":0,"comment_status":"closed","ping_status":"closed","template":"template-fullwidth.php","meta":{"footnotes":""},"class_list":["post-1588","page","type-page","status-publish","post-password-required","hentry"],"_links":{"self":[{"href":"https:\/\/ceres-sport.fr\/index.php\/wp-json\/wp\/v2\/pages\/1588","targetHints":{"allow":["GET"]}}],"collection":[{"href":"https:\/\/ceres-sport.fr\/index.php\/wp-json\/wp\/v2\/pages"}],"about":[{"href":"https:\/\/ceres-sport.fr\/index.php\/wp-json\/wp\/v2\/types\/page"}],"author":[{"embeddable":true,"href":"https:\/\/ceres-sport.fr\/index.php\/wp-json\/wp\/v2\/users\/1"}],"replies":[{"embeddable":true,"href":"https:\/\/ceres-sport.fr\/index.php\/wp-json\/wp\/v2\/comments?post=1588"}],"version-history":[{"count":3,"href":"https:\/\/ceres-sport.fr\/index.php\/wp-json\/wp\/v2\/pages\/1588\/revisions"}],"predecessor-version":[{"id":1631,"href":"https:\/\/ceres-sport.fr\/index.php\/wp-json\/wp\/v2\/pages\/1588\/revisions\/1631"}],"wp:attachment":[{"href":"https:\/\/ceres-sport.fr\/index.php\/wp-json\/wp\/v2\/media?parent=1588"}],"curies":[{"name":"wp","href":"https:\/\/api.w.org\/{rel}","templated":true}]}}