{"id":1676,"date":"2025-01-10T08:44:48","date_gmt":"2025-01-10T07:44:48","guid":{"rendered":"https:\/\/ceres-sport.fr\/?page_id=1676"},"modified":"2025-02-09T17:28:15","modified_gmt":"2025-02-09T16:28:15","slug":"licencies","status":"publish","type":"page","link":"https:\/\/ceres-sport.fr\/index.php\/licencies\/","title":{"rendered":"Tableau de bord des licenci\u00e9s de la F\u00e9d\u00e9ration Fran\u00e7aise Sports pour Tous"},"content":{"rendered":"","protected":true},"excerpt":{"rendered":"","protected":true},"author":1,"featured_media":0,"parent":0,"menu_order":0,"comment_status":"closed","ping_status":"closed","template":"template-fullwidth.php","meta":{"footnotes":""},"class_list":["post-1676","page","type-page","status-publish","post-password-required","hentry"],"_links":{"self":[{"href":"https:\/\/ceres-sport.fr\/index.php\/wp-json\/wp\/v2\/pages\/1676","targetHints":{"allow":["GET"]}}],"collection":[{"href":"https:\/\/ceres-sport.fr\/index.php\/wp-json\/wp\/v2\/pages"}],"about":[{"href":"https:\/\/ceres-sport.fr\/index.php\/wp-json\/wp\/v2\/types\/page"}],"author":[{"embeddable":true,"href":"https:\/\/ceres-sport.fr\/index.php\/wp-json\/wp\/v2\/users\/1"}],"replies":[{"embeddable":true,"href":"https:\/\/ceres-sport.fr\/index.php\/wp-json\/wp\/v2\/comments?post=1676"}],"version-history":[{"count":3,"href":"https:\/\/ceres-sport.fr\/index.php\/wp-json\/wp\/v2\/pages\/1676\/revisions"}],"predecessor-version":[{"id":1680,"href":"https:\/\/ceres-sport.fr\/index.php\/wp-json\/wp\/v2\/pages\/1676\/revisions\/1680"}],"wp:attachment":[{"href":"https:\/\/ceres-sport.fr\/index.php\/wp-json\/wp\/v2\/media?parent=1676"}],"curies":[{"name":"wp","href":"https:\/\/api.w.org\/{rel}","templated":true}]}}