{"id":1766,"date":"2026-02-12T16:55:28","date_gmt":"2026-02-12T15:55:28","guid":{"rendered":"https:\/\/ceres-sport.fr\/?page_id=1766"},"modified":"2026-02-12T16:55:28","modified_gmt":"2026-02-12T15:55:28","slug":"suivi_ccp_t0","status":"publish","type":"page","link":"https:\/\/ceres-sport.fr\/index.php\/suivi_ccp_t0\/","title":{"rendered":"Suivi de la situation professionnelle des personnes en formation dans un certificat  compl\u00e9mentaire professionnel de la branche du sport"},"content":{"rendered":"\n<p>Cette enqu\u00eate, qui r\u00e9pond \u00e0 une obligation l\u00e9gale, permet \u00e0 France Comp\u00e9tences, instance de pilotage et de r\u00e9gulation de la formation professionnelle, de v\u00e9rifier l\u2019insertion professionnelle des titulaires d\u2019une qualification professionnelle figurant dans le r\u00e9pertoire national des certifications professionnelles.\u00a0<\/p>\n\n\n\n<p>Toutes les informations recueillies font l\u2019objet d\u2019une exploitation strictement d\u00e9di\u00e9e \u00e0 l\u2019\u00e9tude du suivi de l\u2019insertion professionnelle des personnes ayant suivi un certificat compl\u00e9mentaire professionnel de la branche du sport et sont prot\u00e9g\u00e9es dans une plateforme s\u00e9curis\u00e9e.\u00a0<br>Il vous est demand\u00e9 notamment, de communiquer votre identit\u00e9. Ces \u00e9l\u00e9ments ne sont utilis\u00e9s que pour le traitement administratif de l\u2019enqu\u00eate.\u00a0L\u2019exploitation de vos r\u00e9ponses reste anonyme.\u00a0<\/p>\n\n\n\n<p>France Comp\u00e9tences ne conserve les donn\u00e9es \u00e0 caract\u00e8re personnel que sur une dur\u00e9e d\u2019un an. Au-del\u00e0 de cette p\u00e9riode, France Comp\u00e9tences proc\u00e8de \u00e0 l\u2019anonymisation ou \u00e0 la destruction des donn\u00e9es.&nbsp;<\/p>\n\n\n\n<p>Vous disposez d\u2019un droit d\u2019acc\u00e8s et de rectification aux informations vous concernant. Vous pouvez vous opposer \u00e0 tout moment au traitement des donn\u00e9es sauf motif l\u00e9gitime du responsable du traitement, en vous adressant \u00e0 l&rsquo;OCS SPORT.<\/p>\n\n\n\n<p>Pour plus d\u2019information sur la gestion des donn\u00e9es des certifi\u00e9s, vous pouvez consulter le site de France Comp\u00e9tences :&nbsp;<a href=\"https:\/\/www.francecompetences.fr\/gestion-des-donnees-personnelles\">https:\/\/www.francecompetences.fr\/gestion-des-donnees-personnelles<\/a>,<br>En cas de difficult\u00e9 en lien avec la gestion de vos donn\u00e9es personnelles, vous pouvez contacter la Cnil&nbsp;<a href=\"http:\/\/www.cnil.fr\/\">www.cnil.fr<\/a>.&nbsp;<\/p>\n\n\n\n<p><a href=\"https:\/\/form.ceres-sport.fr\/branchesport\/RST0.html\">Retour au questionnaire<\/a><\/p>\n","protected":false},"excerpt":{"rendered":"<p>Cette enqu\u00eate, qui r\u00e9pond \u00e0 une obligation l\u00e9gale, permet \u00e0 France Comp\u00e9tences, instance de pilotage et de r\u00e9gulation de la formation professionnelle, de v\u00e9rifier l\u2019insertion professionnelle des titulaires d\u2019une qualification &#8230;<\/p>\n","protected":false},"author":1,"featured_media":0,"parent":0,"menu_order":0,"comment_status":"closed","ping_status":"closed","template":"template-fullwidth.php","meta":{"footnotes":""},"class_list":["post-1766","page","type-page","status-publish","hentry"],"_links":{"self":[{"href":"https:\/\/ceres-sport.fr\/index.php\/wp-json\/wp\/v2\/pages\/1766","targetHints":{"allow":["GET"]}}],"collection":[{"href":"https:\/\/ceres-sport.fr\/index.php\/wp-json\/wp\/v2\/pages"}],"about":[{"href":"https:\/\/ceres-sport.fr\/index.php\/wp-json\/wp\/v2\/types\/page"}],"author":[{"embeddable":true,"href":"https:\/\/ceres-sport.fr\/index.php\/wp-json\/wp\/v2\/users\/1"}],"replies":[{"embeddable":true,"href":"https:\/\/ceres-sport.fr\/index.php\/wp-json\/wp\/v2\/comments?post=1766"}],"version-history":[{"count":1,"href":"https:\/\/ceres-sport.fr\/index.php\/wp-json\/wp\/v2\/pages\/1766\/revisions"}],"predecessor-version":[{"id":1767,"href":"https:\/\/ceres-sport.fr\/index.php\/wp-json\/wp\/v2\/pages\/1766\/revisions\/1767"}],"wp:attachment":[{"href":"https:\/\/ceres-sport.fr\/index.php\/wp-json\/wp\/v2\/media?parent=1766"}],"curies":[{"name":"wp","href":"https:\/\/api.w.org\/{rel}","templated":true}]}}