{"id":1772,"date":"2026-02-12T17:14:48","date_gmt":"2026-02-12T16:14:48","guid":{"rendered":"https:\/\/ceres-sport.fr\/?page_id=1772"},"modified":"2026-02-15T20:19:12","modified_gmt":"2026-02-15T19:19:12","slug":"suivi_tfp_hb_t01","status":"publish","type":"page","link":"https:\/\/ceres-sport.fr\/index.php\/suivi_tfp_hb_t01\/","title":{"rendered":"SUIVI DE COHORTE DES TITULAIRES D\u2019UN TFP DE LA FFHANDBALL"},"content":{"rendered":"\n<p>Cette enqu\u00eate, qui r\u00e9pond \u00e0 une obligation l\u00e9gale, permet \u00e0 France Comp\u00e9tences, Instance de pilotage et de r\u00e9gulation de la formation professionnelle, de v\u00e9rifier l\u2019insertion professionnelle des titulaires d\u2019un titre \u00e0 finalit\u00e9 professionnelle figurant dans le r\u00e9pertoire national des certifications professionnelles.&nbsp;<\/p>\n\n\n\n<p>Toutes les informations recueillies font l\u2019objet d\u2019une exploitation strictement d\u00e9di\u00e9e \u00e0 l\u2019\u00e9tude du suivi de l\u2019insertion professionnelle des titulaires d\u2019un TFP de la FFHandball et sont prot\u00e9g\u00e9es dans une plateforme s\u00e9curis\u00e9e.&nbsp;<br>Il vous est demand\u00e9 notamment, de communiquer votre identit\u00e9 en toute fin du questionnaire. Ces \u00e9l\u00e9ments ne sont utilis\u00e9s que pour le traitement administratif de l\u2019enqu\u00eate.&nbsp;&nbsp;<\/p>\n\n\n\n<p>France Comp\u00e9tences ne conserve les donn\u00e9es \u00e0 caract\u00e8re personnel que sur une dur\u00e9e d\u2019un an. Au-del\u00e0 de cette p\u00e9riode, France Comp\u00e9tences proc\u00e8de \u00e0 l\u2019anonymisation ou \u00e0 la destruction des donn\u00e9es.&nbsp;<\/p>\n\n\n\n<p>Vous disposez d\u2019un droit d\u2019acc\u00e8s et de rectification aux informations vous concernant. Vous pouvez vous opposer \u00e0 tout moment au traitement des donn\u00e9es sauf motif l\u00e9gitime du responsable du traitement, en vous adressant \u00e0 la FFHandball.<\/p>\n\n\n\n<p>Pour plus d\u2019information sur la gestion des donn\u00e9es des certifi\u00e9s, vous pouvez consulter le site de France Comp\u00e9tences :&nbsp;<a href=\"https:\/\/www.francecompetences.fr\/gestion-des-donnees-personnelles\">https:\/\/www.francecompetences.fr\/gestion-des-donnees-personnelles<\/a>,<br>En cas de difficult\u00e9 en lien avec la gestion de vos donn\u00e9es personnelles, vous pouvez contacter la Cnil&nbsp;<a href=\"http:\/\/www.cnil.fr\/\">www.cnil.fr<\/a>.&nbsp;<\/p>\n\n\n\n<p><a href=\"https:\/\/form.ceres-sport.fr\/ffhandball\/TFPT0T1.html\">R<\/a><a href=\"https:\/\/form.ceres-sport.fr\/handball\/TFPT0T1.html\">etour \u00e0 l\u2019enqu\u00eate<\/a><\/p>\n\n\n\n<p><\/p>\n","protected":false},"excerpt":{"rendered":"<p>Cette enqu\u00eate, qui r\u00e9pond \u00e0 une obligation l\u00e9gale, permet \u00e0 France Comp\u00e9tences, Instance de pilotage et de r\u00e9gulation de la formation professionnelle, de v\u00e9rifier l\u2019insertion professionnelle des titulaires d\u2019un titre &#8230;<\/p>\n","protected":false},"author":1,"featured_media":0,"parent":0,"menu_order":0,"comment_status":"closed","ping_status":"closed","template":"template-fullwidth.php","meta":{"footnotes":""},"class_list":["post-1772","page","type-page","status-publish","hentry"],"_links":{"self":[{"href":"https:\/\/ceres-sport.fr\/index.php\/wp-json\/wp\/v2\/pages\/1772","targetHints":{"allow":["GET"]}}],"collection":[{"href":"https:\/\/ceres-sport.fr\/index.php\/wp-json\/wp\/v2\/pages"}],"about":[{"href":"https:\/\/ceres-sport.fr\/index.php\/wp-json\/wp\/v2\/types\/page"}],"author":[{"embeddable":true,"href":"https:\/\/ceres-sport.fr\/index.php\/wp-json\/wp\/v2\/users\/1"}],"replies":[{"embeddable":true,"href":"https:\/\/ceres-sport.fr\/index.php\/wp-json\/wp\/v2\/comments?post=1772"}],"version-history":[{"count":3,"href":"https:\/\/ceres-sport.fr\/index.php\/wp-json\/wp\/v2\/pages\/1772\/revisions"}],"predecessor-version":[{"id":1781,"href":"https:\/\/ceres-sport.fr\/index.php\/wp-json\/wp\/v2\/pages\/1772\/revisions\/1781"}],"wp:attachment":[{"href":"https:\/\/ceres-sport.fr\/index.php\/wp-json\/wp\/v2\/media?parent=1772"}],"curies":[{"name":"wp","href":"https:\/\/api.w.org\/{rel}","templated":true}]}}